{"id":3030,"date":"2023-04-03T08:13:42","date_gmt":"2023-04-03T06:13:42","guid":{"rendered":"http:\/\/dev.maicrosoft.eu\/cuevaspulpi\/?page_id=3030"},"modified":"2024-02-21T21:32:03","modified_gmt":"2024-02-21T20:32:03","slug":"menus","status":"publish","type":"page","link":"https:\/\/cuevaspulpi.com\/en\/menus\/","title":{"rendered":"Menus"},"content":{"rendered":"","protected":false},"excerpt":{"rendered":"","protected":false},"author":1,"featured_media":0,"parent":0,"menu_order":0,"comment_status":"closed","ping_status":"closed","template":"page-shortcode.php","meta":{"footnotes":""},"class_list":["post-3030","page","type-page","status-publish","hentry"],"yoast_head":"<!-- This site is optimized with the Yoast SEO plugin v27.4 - https:\/\/yoast.com\/product\/yoast-seo-wordpress\/ -->\n<title>Men\u00fas - Cuevas Pulp\u00ed<\/title>\n<meta name=\"description\" content=\"Descubre nuestros men\u00fas populares y tradicionales que ofrecemos semanalmente. Si algo no encaja contigo o tus invitados, com\u00e9ntanoslo.\" \/>\n<meta name=\"robots\" content=\"index, follow, max-snippet:-1, max-image-preview:large, max-video-preview:-1\" \/>\n<link rel=\"canonical\" href=\"https:\/\/cuevaspulpi.com\/en\/menus\/\" \/>\n<meta property=\"og:locale\" content=\"en_GB\" \/>\n<meta property=\"og:type\" content=\"article\" \/>\n<meta property=\"og:title\" content=\"Men\u00fas - Cuevas Pulp\u00ed\" \/>\n<meta property=\"og:description\" content=\"Descubre nuestros men\u00fas populares y tradicionales que ofrecemos semanalmente. Si algo no encaja contigo o tus invitados, com\u00e9ntanoslo.\" \/>\n<meta property=\"og:url\" content=\"https:\/\/cuevaspulpi.com\/en\/menus\/\" \/>\n<meta property=\"og:site_name\" content=\"Cuevas Pulp\u00ed\" \/>\n<meta property=\"article:modified_time\" content=\"2024-02-21T20:32:03+00:00\" \/>\n<meta name=\"twitter:card\" content=\"summary_large_image\" \/>\n<meta name=\"twitter:label1\" content=\"Estimated reading time\" \/>\n\t<meta name=\"twitter:data1\" content=\"2 minutes\" \/>\n<script type=\"application\/ld+json\" class=\"yoast-schema-graph\">{\"@context\":\"https:\\\/\\\/schema.org\",\"@graph\":[{\"@type\":\"WebPage\",\"@id\":\"https:\\\/\\\/cuevaspulpi.com\\\/menus\\\/\",\"url\":\"https:\\\/\\\/cuevaspulpi.com\\\/menus\\\/\",\"name\":\"Men\u00fas - Cuevas Pulp\u00ed\",\"isPartOf\":{\"@id\":\"https:\\\/\\\/cuevaspulpi.com\\\/#website\"},\"datePublished\":\"2023-04-03T06:13:42+00:00\",\"dateModified\":\"2024-02-21T20:32:03+00:00\",\"description\":\"Descubre nuestros men\u00fas populares y tradicionales que ofrecemos semanalmente. Si algo no encaja contigo o tus invitados, com\u00e9ntanoslo.\",\"breadcrumb\":{\"@id\":\"https:\\\/\\\/cuevaspulpi.com\\\/menus\\\/#breadcrumb\"},\"inLanguage\":\"en-GB\",\"potentialAction\":[{\"@type\":\"ReadAction\",\"target\":[\"https:\\\/\\\/cuevaspulpi.com\\\/menus\\\/\"]}]},{\"@type\":\"BreadcrumbList\",\"@id\":\"https:\\\/\\\/cuevaspulpi.com\\\/menus\\\/#breadcrumb\",\"itemListElement\":[{\"@type\":\"ListItem\",\"position\":1,\"name\":\"Portada\",\"item\":\"https:\\\/\\\/cuevaspulpi.com\\\/\"},{\"@type\":\"ListItem\",\"position\":2,\"name\":\"Men\u00fas\"}]},{\"@type\":\"WebSite\",\"@id\":\"https:\\\/\\\/cuevaspulpi.com\\\/#website\",\"url\":\"https:\\\/\\\/cuevaspulpi.com\\\/\",\"name\":\"Cuevas Pulp\u00ed\",\"description\":\"Restaurante de comida tradicional espa\u00f1ola\",\"potentialAction\":[{\"@type\":\"SearchAction\",\"target\":{\"@type\":\"EntryPoint\",\"urlTemplate\":\"https:\\\/\\\/cuevaspulpi.com\\\/?s={search_term_string}\"},\"query-input\":{\"@type\":\"PropertyValueSpecification\",\"valueRequired\":true,\"valueName\":\"search_term_string\"}}],\"inLanguage\":\"en-GB\"}]}<\/script>\n<!-- \/ Yoast SEO plugin. -->","yoast_head_json":{"title":"Men\u00fas - Cuevas Pulp\u00ed","description":"Descubre nuestros men\u00fas populares y tradicionales que ofrecemos semanalmente. Si algo no encaja contigo o tus invitados, com\u00e9ntanoslo.","robots":{"index":"index","follow":"follow","max-snippet":"max-snippet:-1","max-image-preview":"max-image-preview:large","max-video-preview":"max-video-preview:-1"},"canonical":"https:\/\/cuevaspulpi.com\/en\/menus\/","og_locale":"en_GB","og_type":"article","og_title":"Men\u00fas - Cuevas Pulp\u00ed","og_description":"Descubre nuestros men\u00fas populares y tradicionales que ofrecemos semanalmente. Si algo no encaja contigo o tus invitados, com\u00e9ntanoslo.","og_url":"https:\/\/cuevaspulpi.com\/en\/menus\/","og_site_name":"Cuevas Pulp\u00ed","article_modified_time":"2024-02-21T20:32:03+00:00","twitter_card":"summary_large_image","twitter_misc":{"Estimated reading time":"2 minutes"},"schema":{"@context":"https:\/\/schema.org","@graph":[{"@type":"WebPage","@id":"https:\/\/cuevaspulpi.com\/menus\/","url":"https:\/\/cuevaspulpi.com\/menus\/","name":"Men\u00fas - Cuevas Pulp\u00ed","isPartOf":{"@id":"https:\/\/cuevaspulpi.com\/#website"},"datePublished":"2023-04-03T06:13:42+00:00","dateModified":"2024-02-21T20:32:03+00:00","description":"Descubre nuestros men\u00fas populares y tradicionales que ofrecemos semanalmente. Si algo no encaja contigo o tus invitados, com\u00e9ntanoslo.","breadcrumb":{"@id":"https:\/\/cuevaspulpi.com\/menus\/#breadcrumb"},"inLanguage":"en-GB","potentialAction":[{"@type":"ReadAction","target":["https:\/\/cuevaspulpi.com\/menus\/"]}]},{"@type":"BreadcrumbList","@id":"https:\/\/cuevaspulpi.com\/menus\/#breadcrumb","itemListElement":[{"@type":"ListItem","position":1,"name":"Portada","item":"https:\/\/cuevaspulpi.com\/"},{"@type":"ListItem","position":2,"name":"Men\u00fas"}]},{"@type":"WebSite","@id":"https:\/\/cuevaspulpi.com\/#website","url":"https:\/\/cuevaspulpi.com\/","name":"Cuevas Pulp\u00ed","description":"Restaurante de comida tradicional espa\u00f1ola","potentialAction":[{"@type":"SearchAction","target":{"@type":"EntryPoint","urlTemplate":"https:\/\/cuevaspulpi.com\/?s={search_term_string}"},"query-input":{"@type":"PropertyValueSpecification","valueRequired":true,"valueName":"search_term_string"}}],"inLanguage":"en-GB"}]}},"_links":{"self":[{"href":"https:\/\/cuevaspulpi.com\/en\/wp-json\/wp\/v2\/pages\/3030","targetHints":{"allow":["GET"]}}],"collection":[{"href":"https:\/\/cuevaspulpi.com\/en\/wp-json\/wp\/v2\/pages"}],"about":[{"href":"https:\/\/cuevaspulpi.com\/en\/wp-json\/wp\/v2\/types\/page"}],"author":[{"embeddable":true,"href":"https:\/\/cuevaspulpi.com\/en\/wp-json\/wp\/v2\/users\/1"}],"replies":[{"embeddable":true,"href":"https:\/\/cuevaspulpi.com\/en\/wp-json\/wp\/v2\/comments?post=3030"}],"version-history":[{"count":1,"href":"https:\/\/cuevaspulpi.com\/en\/wp-json\/wp\/v2\/pages\/3030\/revisions"}],"predecessor-version":[{"id":3032,"href":"https:\/\/cuevaspulpi.com\/en\/wp-json\/wp\/v2\/pages\/3030\/revisions\/3032"}],"wp:attachment":[{"href":"https:\/\/cuevaspulpi.com\/en\/wp-json\/wp\/v2\/media?parent=3030"}],"curies":[{"name":"wp","href":"https:\/\/api.w.org\/{rel}","templated":true}]}}