{"id":2930,"date":"2023-03-29T15:44:04","date_gmt":"2023-03-29T13:44:04","guid":{"rendered":"http:\/\/dev.maicrosoft.eu\/cuevaspulpi\/?page_id=2930"},"modified":"2023-11-21T08:20:02","modified_gmt":"2023-11-21T07:20:02","slug":"historia","status":"publish","type":"page","link":"https:\/\/cuevaspulpi.com\/en\/historia\/","title":{"rendered":"History"},"content":{"rendered":"","protected":false},"excerpt":{"rendered":"","protected":false},"author":1,"featured_media":0,"parent":0,"menu_order":0,"comment_status":"closed","ping_status":"closed","template":"page-shortcode.php","meta":{"footnotes":""},"class_list":["post-2930","page","type-page","status-publish","hentry"],"yoast_head":"<!-- This site is optimized with the Yoast SEO plugin v27.3 - https:\/\/yoast.com\/product\/yoast-seo-wordpress\/ -->\n<title>Restaurante acogedor e \u00edntimo Pulp\u00ed | Cuevas Pulp\u00ed<\/title>\n<meta name=\"description\" content=\"Cuevas Pulp\u00ed, un concepto distinto de restaurante. Platos tradicionales cocinados durante horas solo para ti en un entorno de casas cuevas.\" \/>\n<meta name=\"robots\" content=\"index, follow, max-snippet:-1, max-image-preview:large, max-video-preview:-1\" \/>\n<link rel=\"canonical\" href=\"https:\/\/cuevaspulpi.com\/en\/historia\/\" \/>\n<meta property=\"og:locale\" content=\"en_GB\" \/>\n<meta property=\"og:type\" content=\"article\" \/>\n<meta property=\"og:title\" content=\"Restaurante acogedor e \u00edntimo Pulp\u00ed | Cuevas Pulp\u00ed\" \/>\n<meta property=\"og:description\" content=\"Cuevas Pulp\u00ed, un concepto distinto de restaurante. Platos tradicionales cocinados durante horas solo para ti en un entorno de casas cuevas.\" \/>\n<meta property=\"og:url\" content=\"https:\/\/cuevaspulpi.com\/en\/historia\/\" \/>\n<meta property=\"og:site_name\" content=\"Cuevas Pulp\u00ed\" \/>\n<meta property=\"article:modified_time\" content=\"2023-11-21T07:20:02+00:00\" \/>\n<meta name=\"twitter:card\" content=\"summary_large_image\" \/>\n<script type=\"application\/ld+json\" class=\"yoast-schema-graph\">{\"@context\":\"https:\\\/\\\/schema.org\",\"@graph\":[{\"@type\":\"WebPage\",\"@id\":\"https:\\\/\\\/cuevaspulpi.com\\\/historia\\\/\",\"url\":\"https:\\\/\\\/cuevaspulpi.com\\\/historia\\\/\",\"name\":\"Restaurante acogedor e \u00edntimo Pulp\u00ed | Cuevas Pulp\u00ed\",\"isPartOf\":{\"@id\":\"https:\\\/\\\/cuevaspulpi.com\\\/#website\"},\"datePublished\":\"2023-03-29T13:44:04+00:00\",\"dateModified\":\"2023-11-21T07:20:02+00:00\",\"description\":\"Cuevas Pulp\u00ed, un concepto distinto de restaurante. Platos tradicionales cocinados durante horas solo para ti en un entorno de casas cuevas.\",\"breadcrumb\":{\"@id\":\"https:\\\/\\\/cuevaspulpi.com\\\/historia\\\/#breadcrumb\"},\"inLanguage\":\"en-GB\",\"potentialAction\":[{\"@type\":\"ReadAction\",\"target\":[\"https:\\\/\\\/cuevaspulpi.com\\\/historia\\\/\"]}]},{\"@type\":\"BreadcrumbList\",\"@id\":\"https:\\\/\\\/cuevaspulpi.com\\\/historia\\\/#breadcrumb\",\"itemListElement\":[{\"@type\":\"ListItem\",\"position\":1,\"name\":\"Portada\",\"item\":\"https:\\\/\\\/cuevaspulpi.com\\\/\"},{\"@type\":\"ListItem\",\"position\":2,\"name\":\"Historia\"}]},{\"@type\":\"WebSite\",\"@id\":\"https:\\\/\\\/cuevaspulpi.com\\\/#website\",\"url\":\"https:\\\/\\\/cuevaspulpi.com\\\/\",\"name\":\"Cuevas Pulp\u00ed\",\"description\":\"Restaurante de comida tradicional espa\u00f1ola\",\"potentialAction\":[{\"@type\":\"SearchAction\",\"target\":{\"@type\":\"EntryPoint\",\"urlTemplate\":\"https:\\\/\\\/cuevaspulpi.com\\\/?s={search_term_string}\"},\"query-input\":{\"@type\":\"PropertyValueSpecification\",\"valueRequired\":true,\"valueName\":\"search_term_string\"}}],\"inLanguage\":\"en-GB\"}]}<\/script>\n<!-- \/ Yoast SEO plugin. -->","yoast_head_json":{"title":"Restaurante acogedor e \u00edntimo Pulp\u00ed | Cuevas Pulp\u00ed","description":"Cuevas Pulp\u00ed, un concepto distinto de restaurante. Platos tradicionales cocinados durante horas solo para ti en un entorno de casas cuevas.","robots":{"index":"index","follow":"follow","max-snippet":"max-snippet:-1","max-image-preview":"max-image-preview:large","max-video-preview":"max-video-preview:-1"},"canonical":"https:\/\/cuevaspulpi.com\/en\/historia\/","og_locale":"en_GB","og_type":"article","og_title":"Restaurante acogedor e \u00edntimo Pulp\u00ed | Cuevas Pulp\u00ed","og_description":"Cuevas Pulp\u00ed, un concepto distinto de restaurante. Platos tradicionales cocinados durante horas solo para ti en un entorno de casas cuevas.","og_url":"https:\/\/cuevaspulpi.com\/en\/historia\/","og_site_name":"Cuevas Pulp\u00ed","article_modified_time":"2023-11-21T07:20:02+00:00","twitter_card":"summary_large_image","schema":{"@context":"https:\/\/schema.org","@graph":[{"@type":"WebPage","@id":"https:\/\/cuevaspulpi.com\/historia\/","url":"https:\/\/cuevaspulpi.com\/historia\/","name":"Restaurante acogedor e \u00edntimo Pulp\u00ed | Cuevas Pulp\u00ed","isPartOf":{"@id":"https:\/\/cuevaspulpi.com\/#website"},"datePublished":"2023-03-29T13:44:04+00:00","dateModified":"2023-11-21T07:20:02+00:00","description":"Cuevas Pulp\u00ed, un concepto distinto de restaurante. Platos tradicionales cocinados durante horas solo para ti en un entorno de casas cuevas.","breadcrumb":{"@id":"https:\/\/cuevaspulpi.com\/historia\/#breadcrumb"},"inLanguage":"en-GB","potentialAction":[{"@type":"ReadAction","target":["https:\/\/cuevaspulpi.com\/historia\/"]}]},{"@type":"BreadcrumbList","@id":"https:\/\/cuevaspulpi.com\/historia\/#breadcrumb","itemListElement":[{"@type":"ListItem","position":1,"name":"Portada","item":"https:\/\/cuevaspulpi.com\/"},{"@type":"ListItem","position":2,"name":"Historia"}]},{"@type":"WebSite","@id":"https:\/\/cuevaspulpi.com\/#website","url":"https:\/\/cuevaspulpi.com\/","name":"Cuevas Pulp\u00ed","description":"Restaurante de comida tradicional espa\u00f1ola","potentialAction":[{"@type":"SearchAction","target":{"@type":"EntryPoint","urlTemplate":"https:\/\/cuevaspulpi.com\/?s={search_term_string}"},"query-input":{"@type":"PropertyValueSpecification","valueRequired":true,"valueName":"search_term_string"}}],"inLanguage":"en-GB"}]}},"_links":{"self":[{"href":"https:\/\/cuevaspulpi.com\/en\/wp-json\/wp\/v2\/pages\/2930","targetHints":{"allow":["GET"]}}],"collection":[{"href":"https:\/\/cuevaspulpi.com\/en\/wp-json\/wp\/v2\/pages"}],"about":[{"href":"https:\/\/cuevaspulpi.com\/en\/wp-json\/wp\/v2\/types\/page"}],"author":[{"embeddable":true,"href":"https:\/\/cuevaspulpi.com\/en\/wp-json\/wp\/v2\/users\/1"}],"replies":[{"embeddable":true,"href":"https:\/\/cuevaspulpi.com\/en\/wp-json\/wp\/v2\/comments?post=2930"}],"version-history":[{"count":1,"href":"https:\/\/cuevaspulpi.com\/en\/wp-json\/wp\/v2\/pages\/2930\/revisions"}],"predecessor-version":[{"id":2931,"href":"https:\/\/cuevaspulpi.com\/en\/wp-json\/wp\/v2\/pages\/2930\/revisions\/2931"}],"wp:attachment":[{"href":"https:\/\/cuevaspulpi.com\/en\/wp-json\/wp\/v2\/media?parent=2930"}],"curies":[{"name":"wp","href":"https:\/\/api.w.org\/{rel}","templated":true}]}}